{"id":8371,"date":"2021-09-13T02:46:45","date_gmt":"2021-09-13T02:46:45","guid":{"rendered":"http:\/\/thebluff.trieuphu.biz\/how-to-get-here\/"},"modified":"2022-05-04T04:31:19","modified_gmt":"2022-05-04T04:31:19","slug":"du-lich-ho-tram","status":"publish","type":"page","link":"https:\/\/thebluffshotram.com\/vi\/du-lich-ho-tram\/","title":{"rendered":"Du L\u1ecbch H\u1ed3 Tr\u00e0m"},"content":{"rendered":"\t\t<div data-elementor-type=\"wp-page\" data-elementor-id=\"8371\" class=\"elementor elementor-8371 elementor-5163\" data-elementor-post-type=\"page\">\n\t\t\t\t\t\t\t\t\t<section class=\"elementor-section elementor-top-section elementor-element elementor-element-ddc591a elementor-section-height-min-height elementor-section-items-bottom bg-overlay elementor-section-boxed elementor-section-height-default\" data-id=\"ddc591a\" data-element_type=\"section\" data-settings=\"{&quot;background_background&quot;:&quot;classic&quot;}\" data-e-bg-lazyload=\"\">\n\t\t\t\t\t\t\t<div class=\"elementor-background-overlay\"><\/div>\n\t\t\t\t\t\t\t<div class=\"elementor-container elementor-column-gap-default\">\n\t\t\t\t\t<div class=\"elementor-column elementor-col-100 elementor-top-column elementor-element elementor-element-453b692\" data-id=\"453b692\" data-element_type=\"column\">\n\t\t\t<div class=\"elementor-widget-wrap elementor-element-populated\">\n\t\t\t\t\t\t\t\t<div class=\"elementor-element elementor-element-7b4203c elementor-widget elementor-widget-heading\" data-id=\"7b4203c\" data-element_type=\"widget\" data-widget_type=\"heading.default\">\n\t\t\t\t<div class=\"elementor-widget-container\">\n\t\t\t<style>\/*! elementor - v3.16.0 - 12-09-2023 *\/\n.elementor-heading-title{padding:0;margin:0;line-height:1}.elementor-widget-heading .elementor-heading-title[class*=elementor-size-]>a{color:inherit;font-size:inherit;line-height:inherit}.elementor-widget-heading .elementor-heading-title.elementor-size-small{font-size:15px}.elementor-widget-heading .elementor-heading-title.elementor-size-medium{font-size:19px}.elementor-widget-heading .elementor-heading-title.elementor-size-large{font-size:29px}.elementor-widget-heading .elementor-heading-title.elementor-size-xl{font-size:39px}.elementor-widget-heading .elementor-heading-title.elementor-size-xxl{font-size:59px}<\/style><span class=\"elementor-heading-title elementor-size-default\">Du L\u1ecbch H\u1ed3 Tr\u00e0m<\/span>\t\t<\/div>\n\t\t\t\t<\/div>\n\t\t\t\t\t<\/div>\n\t\t<\/div>\n\t\t\t\t\t\t\t<\/div>\n\t\t<\/section>\n\t\t\t\t<section class=\"elementor-section elementor-top-section elementor-element elementor-element-7fec810 elementor-section-full_width elementor-section-height-default elementor-section-height-default\" data-id=\"7fec810\" data-element_type=\"section\" data-settings=\"{&quot;background_background&quot;:&quot;classic&quot;}\">\n\t\t\t\t\t\t<div class=\"elementor-container elementor-column-gap-default\">\n\t\t\t\t\t<div class=\"elementor-column elementor-col-100 elementor-top-column elementor-element elementor-element-4bdf80e\" data-id=\"4bdf80e\" data-element_type=\"column\">\n\t\t\t<div class=\"elementor-widget-wrap elementor-element-populated\">\n\t\t\t\t\t\t\t\t<div class=\"elementor-element elementor-element-7981c29 ht-tabs-style elementor-tabs-alignment-center elementor-tabs-view-horizontal elementor-widget elementor-widget-tabs\" data-id=\"7981c29\" data-element_type=\"widget\" data-widget_type=\"tabs.default\">\n\t\t\t\t<div class=\"elementor-widget-container\">\n\t\t\t<style>\/*! elementor - v3.16.0 - 12-09-2023 *\/\n.elementor-widget-tabs.elementor-tabs-view-vertical .elementor-tabs-wrapper{width:25%;flex-shrink:0}.elementor-widget-tabs.elementor-tabs-view-vertical .elementor-tab-desktop-title.elementor-active{border-right-style:none}.elementor-widget-tabs.elementor-tabs-view-vertical .elementor-tab-desktop-title.elementor-active:after,.elementor-widget-tabs.elementor-tabs-view-vertical .elementor-tab-desktop-title.elementor-active:before{height:999em;width:0;right:0;border-right-style:solid}.elementor-widget-tabs.elementor-tabs-view-vertical .elementor-tab-desktop-title.elementor-active:before{top:0;transform:translateY(-100%)}.elementor-widget-tabs.elementor-tabs-view-vertical .elementor-tab-desktop-title.elementor-active:after{top:100%}.elementor-widget-tabs.elementor-tabs-view-horizontal .elementor-tab-desktop-title{display:table-cell}.elementor-widget-tabs.elementor-tabs-view-horizontal .elementor-tab-desktop-title.elementor-active{border-bottom-style:none}.elementor-widget-tabs.elementor-tabs-view-horizontal .elementor-tab-desktop-title.elementor-active:after,.elementor-widget-tabs.elementor-tabs-view-horizontal .elementor-tab-desktop-title.elementor-active:before{bottom:0;height:0;width:999em;border-bottom-style:solid}.elementor-widget-tabs.elementor-tabs-view-horizontal .elementor-tab-desktop-title.elementor-active:before{right:100%}.elementor-widget-tabs.elementor-tabs-view-horizontal .elementor-tab-desktop-title.elementor-active:after{left:100%}.elementor-widget-tabs .elementor-tab-content,.elementor-widget-tabs .elementor-tab-title,.elementor-widget-tabs .elementor-tab-title:after,.elementor-widget-tabs .elementor-tab-title:before,.elementor-widget-tabs .elementor-tabs-content-wrapper{border:1px #d5d8dc}.elementor-widget-tabs .elementor-tabs{text-align:left}.elementor-widget-tabs .elementor-tabs-wrapper{overflow:hidden}.elementor-widget-tabs .elementor-tab-title{cursor:pointer;outline:var(--focus-outline,none)}.elementor-widget-tabs .elementor-tab-desktop-title{position:relative;padding:20px 25px;font-weight:700;line-height:1;border:solid transparent}.elementor-widget-tabs .elementor-tab-desktop-title.elementor-active{border-color:#d5d8dc}.elementor-widget-tabs .elementor-tab-desktop-title.elementor-active:after,.elementor-widget-tabs .elementor-tab-desktop-title.elementor-active:before{display:block;content:\"\";position:absolute}.elementor-widget-tabs .elementor-tab-desktop-title:focus-visible{border:1px solid #000}.elementor-widget-tabs .elementor-tab-mobile-title{padding:10px;cursor:pointer}.elementor-widget-tabs .elementor-tab-content{padding:20px;display:none}@media (max-width:767px){.elementor-tabs .elementor-tab-content,.elementor-tabs .elementor-tab-title{border-style:solid solid none}.elementor-tabs .elementor-tabs-wrapper{display:none}.elementor-tabs .elementor-tabs-content-wrapper{border-bottom-style:solid}.elementor-tabs .elementor-tab-content{padding:10px}}@media (min-width:768px){.elementor-widget-tabs.elementor-tabs-view-vertical .elementor-tabs{display:flex}.elementor-widget-tabs.elementor-tabs-view-vertical .elementor-tabs-wrapper{flex-direction:column}.elementor-widget-tabs.elementor-tabs-view-vertical .elementor-tabs-content-wrapper{flex-grow:1;border-style:solid solid solid none}.elementor-widget-tabs.elementor-tabs-view-horizontal .elementor-tab-content{border-style:none solid solid}.elementor-widget-tabs.elementor-tabs-alignment-center .elementor-tabs-wrapper,.elementor-widget-tabs.elementor-tabs-alignment-end .elementor-tabs-wrapper,.elementor-widget-tabs.elementor-tabs-alignment-stretch .elementor-tabs-wrapper{display:flex}.elementor-widget-tabs.elementor-tabs-alignment-center .elementor-tabs-wrapper{justify-content:center}.elementor-widget-tabs.elementor-tabs-alignment-end .elementor-tabs-wrapper{justify-content:flex-end}.elementor-widget-tabs.elementor-tabs-alignment-stretch.elementor-tabs-view-horizontal .elementor-tab-title{width:100%}.elementor-widget-tabs.elementor-tabs-alignment-stretch.elementor-tabs-view-vertical .elementor-tab-title{height:100%}.elementor-tabs .elementor-tab-mobile-title{display:none}}<\/style>\t\t<div class=\"elementor-tabs\">\n\t\t\t<div class=\"elementor-tabs-wrapper\" role=\"tablist\" >\n\t\t\t\t\t\t\t\t\t<div id=\"elementor-tab-title-1271\" class=\"elementor-tab-title elementor-tab-desktop-title\" aria-selected=\"true\" data-tab=\"1\" role=\"tab\" tabindex=\"0\" aria-controls=\"elementor-tab-content-1271\" aria-expanded=\"false\">\u0110i\u1ec3m \u0111\u1ebfn <\/div>\n\t\t\t\t\t\t\t\t\t<div id=\"elementor-tab-title-1272\" class=\"elementor-tab-title elementor-tab-desktop-title\" aria-selected=\"false\" data-tab=\"2\" role=\"tab\" tabindex=\"-1\" aria-controls=\"elementor-tab-content-1272\" aria-expanded=\"false\">Xe \u0111\u01b0a \u0111\u00f3n <\/div>\n\t\t\t\t\t\t\t<\/div>\n\t\t\t<div class=\"elementor-tabs-content-wrapper\" role=\"tablist\" aria-orientation=\"vertical\">\n\t\t\t\t\t\t\t\t\t<div class=\"elementor-tab-title elementor-tab-mobile-title\" aria-selected=\"true\" data-tab=\"1\" role=\"tab\" tabindex=\"0\" aria-controls=\"elementor-tab-content-1271\" aria-expanded=\"false\">\u0110i\u1ec3m \u0111\u1ebfn <\/div>\n\t\t\t\t\t<div id=\"elementor-tab-content-1271\" class=\"elementor-tab-content elementor-clearfix\" data-tab=\"1\" role=\"tabpanel\" aria-labelledby=\"elementor-tab-title-1271\" tabindex=\"0\" hidden=\"false\"><a class=\"map-desktop\" href=\"\/wp-content\/uploads\/2021\/12\/Desktop_Version.webp\"><img decoding=\"async\" class=\"alignnone wp-image-6359 size-full\" src=\"\/wp-content\/uploads\/2021\/12\/Desktop_Version.webp\" alt=\"\" width=\"1600\" height=\"682\" \/><\/a>\n\n<a class=\"map-mobi\" href=\"\/wp-content\/uploads\/2021\/12\/Mobile_version.webp\"><img decoding=\"async\" class=\"alignnone size-full wp-image-6367\" src=\"\/wp-content\/uploads\/2021\/12\/Mobile_version.webp\" alt=\"\" width=\"1600\" height=\"682\" \/><\/a>\n<a class=\"map-mobi\" style=\"padding: 0 25px 8px;\" href=\"\/wp-content\/uploads\/2021\/12\/Bluffs-Text-Map.png\"><img decoding=\"async\" class=\"alignnone size-full wp-image-6367\" src=\"\/wp-content\/uploads\/2021\/12\/Bluffs-Text-Map.png\" alt=\"\" width=\"500\" height=\"682\" \/><\/a><\/div>\n\t\t\t\t\t\t\t\t\t<div class=\"elementor-tab-title elementor-tab-mobile-title\" aria-selected=\"false\" data-tab=\"2\" role=\"tab\" tabindex=\"-1\" aria-controls=\"elementor-tab-content-1272\" aria-expanded=\"false\">Xe \u0111\u01b0a \u0111\u00f3n <\/div>\n\t\t\t\t\t<div id=\"elementor-tab-content-1272\" class=\"elementor-tab-content elementor-clearfix\" data-tab=\"2\" role=\"tabpanel\" aria-labelledby=\"elementor-tab-title-1272\" tabindex=\"0\" hidden=\"hidden\"><p style=\"padding: 0 25px 8px;\"><span style=\"background-color: var( --e-global-color-4dee498 );\">The Bluffs c\u00e1ch th\u00e0nh ph\u1ed1 H\u1ed3 Ch\u00ed Minh 02 gi\u1edd di chuy\u1ec3n b\u1eb1ng xe h\u01a1i.&nbsp;<\/span><br><\/p><p>Xe \u0111\u01b0a \u0111\u00f3n h\u00e0ng ng\u00e0y ho\u1ea1t \u0111\u1ed9ng th\u01b0\u1eddng xuy\u00ean v\u1edbi l\u1ecbch tr\u00ecnh nh\u01b0 b\u00ean d\u01b0\u1edbi v\u00e0 \u0111\u01b0\u1ee3c ph\u1ee5c v\u1ee5 tr\u00ean c\u01a1 s\u1edf ai \u0111\u1ebfn tr\u01b0\u1edbc \u0111\u01b0\u1ee3c ph\u1ee5c v\u1ee5 tr\u01b0\u1edbc. Xin vui l\u00f2ng \u0111\u1eb7t tr\u01b0\u1edbc \u0111\u1ec3 s\u1eed d\u1ee5ng d\u1ecbch v\u1ee5.&nbsp;<\/p>\n<table style=\"text-align: center; font-family: Baskerville; font-size: 18px;\" width=\"893px\" cellpadding=\"10\" ;=\"\" \"padding:=\"\" 0=\"\" 25px=\"\" 8px;\"=\"\">\n<thead>\n<tr style=\"background-color: var(--e-global-color-2d1aae1);\">\n<th style=\"font-weight: 500;\" colspan=\"2\">Th\u1ee9 2 &#8211; Ch\u1ee7 Nh\u1eadt<\/th>\n<\/tr>\n<\/thead>\n<tbody>\n<tr>\n<td>H\u1ed3 Ch\u00ed Minh &#8211; H\u1ed3 Tr\u00e0m<\/td>\n<td>H\u1ed3 Tramf &#8211; H\u1ed3 Ch\u00ed Minh<\/td>\n<\/tr>\n<tr>\n<td>\n<p>09:00 AM<\/p>\n<p>11:00 AM<\/p>\n<\/td>\n<td>\n<p>01:00 PM<\/p>\n<p>03:00 PM<\/p>\n<\/td>\n<\/tr>\n<\/tbody>\n<\/table><\/div>\n\t\t\t\t\t\t\t<\/div>\n\t\t<\/div>\n\t\t\t\t<\/div>\n\t\t\t\t<\/div>\n\t\t\t\t\t<\/div>\n\t\t<\/div>\n\t\t\t\t\t\t\t<\/div>\n\t\t<\/section>\n\t\t\t\t\t\t\t<\/div>\n\t\t","protected":false},"excerpt":{"rendered":"<p>\u0110i\u1ec3m \u0111\u1ebfn Xe \u0111\u01b0a \u0111\u00f3n \u0110i\u1ec3m \u0111\u1ebfn Xe \u0111\u01b0a \u0111\u00f3n The Bluffs c\u00e1ch th\u00e0nh ph\u1ed1 H\u1ed3 Ch\u00ed Minh 02 gi\u1edd di chuy\u1ec3n b\u1eb1ng xe h\u01a1i. Xe \u0111\u01b0a \u0111\u00f3n h\u00e0ng ng\u00e0y ho\u1ea1t \u0111\u1ed9ng th\u01b0\u1eddng xuy\u00ean v\u1edbi l\u1ecbch tr\u00ecnh nh\u01b0 b\u00ean d\u01b0\u1edbi v\u00e0 \u0111\u01b0\u1ee3c ph\u1ee5c v\u1ee5 tr\u00ean c\u01a1 s\u1edf ai \u0111\u1ebfn tr\u01b0\u1edbc \u0111\u01b0\u1ee3c ph\u1ee5c v\u1ee5 tr\u01b0\u1edbc. Xin [&hellip;]<\/p>\n","protected":false},"author":4,"featured_media":0,"parent":0,"menu_order":0,"comment_status":"closed","ping_status":"closed","template":"","meta":{"inline_featured_image":false,"footnotes":""},"class_list":["post-8371","page","type-page","status-publish","hentry"],"yoast_head":"<!-- This site is optimized with the Yoast SEO plugin v20.5 - https:\/\/yoast.com\/wordpress\/plugins\/seo\/ -->\n<title>Du L\u1ecbch H\u1ed3 Tr\u00e0m - The Bluffs Grand Ho Tram<\/title>\n<meta name=\"robots\" content=\"index, follow, max-snippet:-1, max-image-preview:large, max-video-preview:-1\" \/>\n<link rel=\"canonical\" href=\"https:\/\/thebluffshotram.com\/vi\/du-lich-ho-tram\/\" \/>\n<meta property=\"og:locale\" content=\"vi_VN\" \/>\n<meta property=\"og:type\" content=\"article\" \/>\n<meta property=\"og:title\" content=\"Du L\u1ecbch H\u1ed3 Tr\u00e0m - The Bluffs Grand Ho Tram\" \/>\n<meta property=\"og:description\" content=\"\u0110i\u1ec3m \u0111\u1ebfn Xe \u0111\u01b0a \u0111\u00f3n \u0110i\u1ec3m \u0111\u1ebfn Xe \u0111\u01b0a \u0111\u00f3n The Bluffs c\u00e1ch th\u00e0nh ph\u1ed1 H\u1ed3 Ch\u00ed Minh 02 gi\u1edd di chuy\u1ec3n b\u1eb1ng xe h\u01a1i. Xe \u0111\u01b0a \u0111\u00f3n h\u00e0ng ng\u00e0y ho\u1ea1t \u0111\u1ed9ng th\u01b0\u1eddng xuy\u00ean v\u1edbi l\u1ecbch tr\u00ecnh nh\u01b0 b\u00ean d\u01b0\u1edbi v\u00e0 \u0111\u01b0\u1ee3c ph\u1ee5c v\u1ee5 tr\u00ean c\u01a1 s\u1edf ai \u0111\u1ebfn tr\u01b0\u1edbc \u0111\u01b0\u1ee3c ph\u1ee5c v\u1ee5 tr\u01b0\u1edbc. Xin [&hellip;]\" \/>\n<meta property=\"og:url\" content=\"https:\/\/thebluffshotram.com\/vi\/du-lich-ho-tram\/\" \/>\n<meta property=\"og:site_name\" content=\"The Bluffs Grand Ho Tram\" \/>\n<meta property=\"article:publisher\" content=\"https:\/\/www.facebook.com\/thebluffshotramstrip\/\" \/>\n<meta property=\"article:modified_time\" content=\"2022-05-04T04:31:19+00:00\" \/>\n<meta name=\"twitter:card\" content=\"summary_large_image\" \/>\n<meta name=\"twitter:label1\" content=\"Est. reading time\" \/>\n\t<meta name=\"twitter:data1\" content=\"1 minute\" \/>\n<script type=\"application\/ld+json\" class=\"yoast-schema-graph\">{\"@context\":\"https:\/\/schema.org\",\"@graph\":[{\"@type\":\"WebPage\",\"@id\":\"https:\/\/thebluffshotram.com\/vi\/du-lich-ho-tram\/\",\"url\":\"https:\/\/thebluffshotram.com\/vi\/du-lich-ho-tram\/\",\"name\":\"Du L\u1ecbch H\u1ed3 Tr\u00e0m - The Bluffs Grand Ho Tram\",\"isPartOf\":{\"@id\":\"https:\/\/thebluffshotram.com\/#website\"},\"datePublished\":\"2021-09-13T02:46:45+00:00\",\"dateModified\":\"2022-05-04T04:31:19+00:00\",\"breadcrumb\":{\"@id\":\"https:\/\/thebluffshotram.com\/vi\/du-lich-ho-tram\/#breadcrumb\"},\"inLanguage\":\"vi-VN\",\"potentialAction\":[{\"@type\":\"ReadAction\",\"target\":[\"https:\/\/thebluffshotram.com\/vi\/du-lich-ho-tram\/\"]}]},{\"@type\":\"BreadcrumbList\",\"@id\":\"https:\/\/thebluffshotram.com\/vi\/du-lich-ho-tram\/#breadcrumb\",\"itemListElement\":[{\"@type\":\"ListItem\",\"position\":1,\"name\":\"Home\",\"item\":\"https:\/\/thebluffshotram.com\/vi\/\"},{\"@type\":\"ListItem\",\"position\":2,\"name\":\"Du L\u1ecbch H\u1ed3 Tr\u00e0m\"}]},{\"@type\":\"WebSite\",\"@id\":\"https:\/\/thebluffshotram.com\/#website\",\"url\":\"https:\/\/thebluffshotram.com\/\",\"name\":\"The Bluffs Grand Ho Tram\",\"description\":\"Official Website\",\"publisher\":{\"@id\":\"https:\/\/thebluffshotram.com\/#organization\"},\"potentialAction\":[{\"@type\":\"SearchAction\",\"target\":{\"@type\":\"EntryPoint\",\"urlTemplate\":\"https:\/\/thebluffshotram.com\/?s={search_term_string}\"},\"query-input\":\"required name=search_term_string\"}],\"inLanguage\":\"vi-VN\"},{\"@type\":\"Organization\",\"@id\":\"https:\/\/thebluffshotram.com\/#organization\",\"name\":\"The Bluffs Grand Ho Tram\",\"url\":\"https:\/\/thebluffshotram.com\/\",\"logo\":{\"@type\":\"ImageObject\",\"inLanguage\":\"vi-VN\",\"@id\":\"https:\/\/thebluffshotram.com\/#\/schema\/logo\/image\/\",\"url\":\"https:\/\/thebluffshotram.com\/wp-content\/uploads\/2022\/04\/TheBluffs_Embroider_17aug20-01.png\",\"contentUrl\":\"https:\/\/thebluffshotram.com\/wp-content\/uploads\/2022\/04\/TheBluffs_Embroider_17aug20-01.png\",\"width\":2566,\"height\":2565,\"caption\":\"The Bluffs Grand Ho Tram\"},\"image\":{\"@id\":\"https:\/\/thebluffshotram.com\/#\/schema\/logo\/image\/\"},\"sameAs\":[\"https:\/\/www.facebook.com\/thebluffshotramstrip\/\"]}]}<\/script>\n<!-- \/ Yoast SEO plugin. -->","yoast_head_json":{"title":"Du L\u1ecbch H\u1ed3 Tr\u00e0m - The Bluffs Grand Ho Tram","robots":{"index":"index","follow":"follow","max-snippet":"max-snippet:-1","max-image-preview":"max-image-preview:large","max-video-preview":"max-video-preview:-1"},"canonical":"https:\/\/thebluffshotram.com\/vi\/du-lich-ho-tram\/","og_locale":"vi_VN","og_type":"article","og_title":"Du L\u1ecbch H\u1ed3 Tr\u00e0m - The Bluffs Grand Ho Tram","og_description":"\u0110i\u1ec3m \u0111\u1ebfn Xe \u0111\u01b0a \u0111\u00f3n \u0110i\u1ec3m \u0111\u1ebfn Xe \u0111\u01b0a \u0111\u00f3n The Bluffs c\u00e1ch th\u00e0nh ph\u1ed1 H\u1ed3 Ch\u00ed Minh 02 gi\u1edd di chuy\u1ec3n b\u1eb1ng xe h\u01a1i. Xe \u0111\u01b0a \u0111\u00f3n h\u00e0ng ng\u00e0y ho\u1ea1t \u0111\u1ed9ng th\u01b0\u1eddng xuy\u00ean v\u1edbi l\u1ecbch tr\u00ecnh nh\u01b0 b\u00ean d\u01b0\u1edbi v\u00e0 \u0111\u01b0\u1ee3c ph\u1ee5c v\u1ee5 tr\u00ean c\u01a1 s\u1edf ai \u0111\u1ebfn tr\u01b0\u1edbc \u0111\u01b0\u1ee3c ph\u1ee5c v\u1ee5 tr\u01b0\u1edbc. Xin [&hellip;]","og_url":"https:\/\/thebluffshotram.com\/vi\/du-lich-ho-tram\/","og_site_name":"The Bluffs Grand Ho Tram","article_publisher":"https:\/\/www.facebook.com\/thebluffshotramstrip\/","article_modified_time":"2022-05-04T04:31:19+00:00","twitter_card":"summary_large_image","twitter_misc":{"Est. reading time":"1 minute"},"schema":{"@context":"https:\/\/schema.org","@graph":[{"@type":"WebPage","@id":"https:\/\/thebluffshotram.com\/vi\/du-lich-ho-tram\/","url":"https:\/\/thebluffshotram.com\/vi\/du-lich-ho-tram\/","name":"Du L\u1ecbch H\u1ed3 Tr\u00e0m - The Bluffs Grand Ho Tram","isPartOf":{"@id":"https:\/\/thebluffshotram.com\/#website"},"datePublished":"2021-09-13T02:46:45+00:00","dateModified":"2022-05-04T04:31:19+00:00","breadcrumb":{"@id":"https:\/\/thebluffshotram.com\/vi\/du-lich-ho-tram\/#breadcrumb"},"inLanguage":"vi-VN","potentialAction":[{"@type":"ReadAction","target":["https:\/\/thebluffshotram.com\/vi\/du-lich-ho-tram\/"]}]},{"@type":"BreadcrumbList","@id":"https:\/\/thebluffshotram.com\/vi\/du-lich-ho-tram\/#breadcrumb","itemListElement":[{"@type":"ListItem","position":1,"name":"Home","item":"https:\/\/thebluffshotram.com\/vi\/"},{"@type":"ListItem","position":2,"name":"Du L\u1ecbch H\u1ed3 Tr\u00e0m"}]},{"@type":"WebSite","@id":"https:\/\/thebluffshotram.com\/#website","url":"https:\/\/thebluffshotram.com\/","name":"The Bluffs Grand Ho Tram","description":"Official Website","publisher":{"@id":"https:\/\/thebluffshotram.com\/#organization"},"potentialAction":[{"@type":"SearchAction","target":{"@type":"EntryPoint","urlTemplate":"https:\/\/thebluffshotram.com\/?s={search_term_string}"},"query-input":"required name=search_term_string"}],"inLanguage":"vi-VN"},{"@type":"Organization","@id":"https:\/\/thebluffshotram.com\/#organization","name":"The Bluffs Grand Ho Tram","url":"https:\/\/thebluffshotram.com\/","logo":{"@type":"ImageObject","inLanguage":"vi-VN","@id":"https:\/\/thebluffshotram.com\/#\/schema\/logo\/image\/","url":"https:\/\/thebluffshotram.com\/wp-content\/uploads\/2022\/04\/TheBluffs_Embroider_17aug20-01.png","contentUrl":"https:\/\/thebluffshotram.com\/wp-content\/uploads\/2022\/04\/TheBluffs_Embroider_17aug20-01.png","width":2566,"height":2565,"caption":"The Bluffs Grand Ho Tram"},"image":{"@id":"https:\/\/thebluffshotram.com\/#\/schema\/logo\/image\/"},"sameAs":["https:\/\/www.facebook.com\/thebluffshotramstrip\/"]}]}},"_links":{"self":[{"href":"https:\/\/thebluffshotram.com\/vi\/wp-json\/wp\/v2\/pages\/8371","targetHints":{"allow":["GET"]}}],"collection":[{"href":"https:\/\/thebluffshotram.com\/vi\/wp-json\/wp\/v2\/pages"}],"about":[{"href":"https:\/\/thebluffshotram.com\/vi\/wp-json\/wp\/v2\/types\/page"}],"author":[{"embeddable":true,"href":"https:\/\/thebluffshotram.com\/vi\/wp-json\/wp\/v2\/users\/4"}],"replies":[{"embeddable":true,"href":"https:\/\/thebluffshotram.com\/vi\/wp-json\/wp\/v2\/comments?post=8371"}],"version-history":[{"count":39,"href":"https:\/\/thebluffshotram.com\/vi\/wp-json\/wp\/v2\/pages\/8371\/revisions"}],"predecessor-version":[{"id":9896,"href":"https:\/\/thebluffshotram.com\/vi\/wp-json\/wp\/v2\/pages\/8371\/revisions\/9896"}],"wp:attachment":[{"href":"https:\/\/thebluffshotram.com\/vi\/wp-json\/wp\/v2\/media?parent=8371"}],"curies":[{"name":"wp","href":"https:\/\/api.w.org\/{rel}","templated":true}]}}